{"id":464,"date":"2025-05-07T22:23:15","date_gmt":"2025-05-07T22:23:15","guid":{"rendered":"https:\/\/camaranovaolinda.ce.gov.br\/procuradoria\/?page_id=464"},"modified":"2025-08-16T19:57:22","modified_gmt":"2025-08-16T19:57:22","slug":"bo","status":"publish","type":"page","link":"https:\/\/camaranovaolinda.ce.gov.br\/procuradoria\/bo\/","title":{"rendered":"BO"},"content":{"rendered":"\t\t<div data-elementor-type=\"wp-page\" data-elementor-id=\"464\" class=\"elementor elementor-464\" data-elementor-post-type=\"page\">\n\t\t\t\t<div class=\"elementor-element elementor-element-65227e6 e-flex e-con-boxed e-con e-parent\" data-id=\"65227e6\" data-element_type=\"container\" data-e-type=\"container\" data-settings=\"{&quot;background_background&quot;:&quot;classic&quot;}\">\n\t\t\t\t\t<div class=\"e-con-inner\">\n\t\t\t\t<div class=\"elementor-element elementor-element-bb9f844 elementor-widget elementor-widget-heading\" data-id=\"bb9f844\" data-element_type=\"widget\" data-e-type=\"widget\" data-widget_type=\"heading.default\">\n\t\t\t\t<div class=\"elementor-widget-container\">\n\t\t\t\t\t<h2 class=\"elementor-heading-title elementor-size-default\">FA\u00c7A UM BOLETIM DE OCORR\u00caNCIA ONLINE<\/h2>\t\t\t\t<\/div>\n\t\t\t\t<\/div>\n\t\t\t\t\t<\/div>\n\t\t\t\t<\/div>\n\t\t<div class=\"elementor-element elementor-element-ae14848 e-flex e-con-boxed e-con e-parent\" data-id=\"ae14848\" data-element_type=\"container\" data-e-type=\"container\">\n\t\t\t\t\t<div class=\"e-con-inner\">\n\t\t\t\t<div class=\"elementor-element elementor-element-6692594 elementor-widget elementor-widget-spacer\" data-id=\"6692594\" data-element_type=\"widget\" data-e-type=\"widget\" data-widget_type=\"spacer.default\">\n\t\t\t\t<div class=\"elementor-widget-container\">\n\t\t\t\t\t\t\t<div class=\"elementor-spacer\">\n\t\t\t<div class=\"elementor-spacer-inner\"><\/div>\n\t\t<\/div>\n\t\t\t\t\t\t<\/div>\n\t\t\t\t<\/div>\n\t\t\t\t<div class=\"elementor-element elementor-element-25c9cfd elementor-widget elementor-widget-text-editor\" data-id=\"25c9cfd\" data-element_type=\"widget\" data-e-type=\"widget\" data-widget_type=\"text-editor.default\">\n\t\t\t\t<div class=\"elementor-widget-container\">\n\t\t\t\t\t\t\t\t\t<p data-sourcepos=\"3:1-3:203\">Voc\u00ea n\u00e3o est\u00e1 sozinha. Se voc\u00ea vivencia ou vivenciou alguma forma de viol\u00eancia, registrar um Boletim de Ocorr\u00eancia (BO) \u00e9 um passo importante para buscar seus direitos e interromper o ciclo da viol\u00eancia.<\/p><p data-sourcepos=\"5:1-5:207\">Nesta p\u00e1gina, voc\u00ea ser\u00e1 direcionada para a <strong>Delegacia Eletr\u00f4nica<\/strong> do seu estado ou para a <strong>plataforma da Pol\u00edcia Civil<\/strong> que permite o registro online de ocorr\u00eancias, incluindo casos de viol\u00eancia contra a mulher.<\/p><p><strong>Voc\u00ea n\u00e3o precisa sair de casa para fazer um BO.<\/strong> O registro online \u00e9 uma forma segura e discreta de iniciar o processo.<\/p><p>Suas informa\u00e7\u00f5es ser\u00e3o tratadas com confidencialidade. Este \u00e9 o primeiro passo para que as autoridades possam investigar e te oferecer a prote\u00e7\u00e3o necess\u00e1ria. N\u00e3o se culpe. A viol\u00eancia nunca \u00e9 sua responsabilidade.<\/p>\t\t\t\t\t\t\t\t<\/div>\n\t\t\t\t<\/div>\n\t\t<div class=\"elementor-element elementor-element-b6b7b6a e-con-full e-flex e-con e-child\" data-id=\"b6b7b6a\" data-element_type=\"container\" data-e-type=\"container\">\n\t\t<div class=\"elementor-element elementor-element-02443e2 e-con-full e-flex e-con e-child\" data-id=\"02443e2\" data-element_type=\"container\" data-e-type=\"container\">\n\t\t\t\t<div class=\"elementor-element elementor-element-002ca90 elementor-widget elementor-widget-heading\" data-id=\"002ca90\" data-element_type=\"widget\" data-e-type=\"widget\" data-widget_type=\"heading.default\">\n\t\t\t\t<div class=\"elementor-widget-container\">\n\t\t\t\t\t<h2 class=\"elementor-heading-title elementor-size-default\">ACESSE A DELEGACIA ELETR\u00d4NICA<\/h2>\t\t\t\t<\/div>\n\t\t\t\t<\/div>\n\t\t\t\t<\/div>\n\t\t<div class=\"elementor-element elementor-element-a0b2f39 e-con-full e-flex e-con e-child\" data-id=\"a0b2f39\" data-element_type=\"container\" data-e-type=\"container\">\n\t\t\t\t<div class=\"elementor-element elementor-element-24b22ce elementor-align-justify elementor-widget elementor-widget-button\" data-id=\"24b22ce\" data-element_type=\"widget\" data-e-type=\"widget\" data-widget_type=\"button.default\">\n\t\t\t\t<div class=\"elementor-widget-container\">\n\t\t\t\t\t\t\t\t\t<div class=\"elementor-button-wrapper\">\n\t\t\t\t\t<a class=\"elementor-button elementor-button-link elementor-size-sm\" href=\"https:\/\/www.delegaciaeletronica.ce.gov.br\/beo\/del_vir_new.jsp\" target=\"_blank\">\n\t\t\t\t\t\t<span class=\"elementor-button-content-wrapper\">\n\t\t\t\t\t\t<span class=\"elementor-button-icon\">\n\t\t\t\t<svg aria-hidden=\"true\" class=\"e-font-icon-svg e-far-file-alt\" viewBox=\"0 0 384 512\" xmlns=\"http:\/\/www.w3.org\/2000\/svg\"><path d=\"M288 248v28c0 6.6-5.4 12-12 12H108c-6.6 0-12-5.4-12-12v-28c0-6.6 5.4-12 12-12h168c6.6 0 12 5.4 12 12zm-12 72H108c-6.6 0-12 5.4-12 12v28c0 6.6 5.4 12 12 12h168c6.6 0 12-5.4 12-12v-28c0-6.6-5.4-12-12-12zm108-188.1V464c0 26.5-21.5 48-48 48H48c-26.5 0-48-21.5-48-48V48C0 21.5 21.5 0 48 0h204.1C264.8 0 277 5.1 286 14.1L369.9 98c9 8.9 14.1 21.2 14.1 33.9zm-128-80V128h76.1L256 51.9zM336 464V176H232c-13.3 0-24-10.7-24-24V48H48v416h288z\"><\/path><\/svg>\t\t\t<\/span>\n\t\t\t\t\t\t\t\t\t<span class=\"elementor-button-text\">BOLETIM DE OCORR\u00caNCIA ONLINE<\/span>\n\t\t\t\t\t<\/span>\n\t\t\t\t\t<\/a>\n\t\t\t\t<\/div>\n\t\t\t\t\t\t\t\t<\/div>\n\t\t\t\t<\/div>\n\t\t\t\t<\/div>\n\t\t\t\t<\/div>\n\t\t\t\t<div class=\"elementor-element elementor-element-bb1e410 elementor-widget elementor-widget-spacer\" data-id=\"bb1e410\" data-element_type=\"widget\" data-e-type=\"widget\" data-widget_type=\"spacer.default\">\n\t\t\t\t<div class=\"elementor-widget-container\">\n\t\t\t\t\t\t\t<div class=\"elementor-spacer\">\n\t\t\t<div class=\"elementor-spacer-inner\"><\/div>\n\t\t<\/div>\n\t\t\t\t\t\t<\/div>\n\t\t\t\t<\/div>\n\t\t\t\t\t<\/div>\n\t\t\t\t<\/div>\n\t\t\t\t<\/div>\n\t\t","protected":false},"excerpt":{"rendered":"<p>FA\u00c7A UM BOLETIM DE OCORR\u00caNCIA ONLINE Voc\u00ea n\u00e3o est\u00e1 sozinha. Se voc\u00ea vivencia ou vivenciou alguma forma de viol\u00eancia, registrar um Boletim de Ocorr\u00eancia (BO) \u00e9 um passo importante para buscar seus direitos e interromper o ciclo da viol\u00eancia. Nesta p\u00e1gina, voc\u00ea ser\u00e1 direcionada para a Delegacia Eletr\u00f4nica do seu estado ou para a plataforma [&hellip;]<\/p>\n","protected":false},"author":1,"featured_media":0,"parent":0,"menu_order":0,"comment_status":"closed","ping_status":"closed","template":"elementor_header_footer","meta":{"footnotes":""},"class_list":["post-464","page","type-page","status-publish","hentry"],"_links":{"self":[{"href":"https:\/\/camaranovaolinda.ce.gov.br\/procuradoria\/wp-json\/wp\/v2\/pages\/464","targetHints":{"allow":["GET"]}}],"collection":[{"href":"https:\/\/camaranovaolinda.ce.gov.br\/procuradoria\/wp-json\/wp\/v2\/pages"}],"about":[{"href":"https:\/\/camaranovaolinda.ce.gov.br\/procuradoria\/wp-json\/wp\/v2\/types\/page"}],"author":[{"embeddable":true,"href":"https:\/\/camaranovaolinda.ce.gov.br\/procuradoria\/wp-json\/wp\/v2\/users\/1"}],"replies":[{"embeddable":true,"href":"https:\/\/camaranovaolinda.ce.gov.br\/procuradoria\/wp-json\/wp\/v2\/comments?post=464"}],"version-history":[{"count":49,"href":"https:\/\/camaranovaolinda.ce.gov.br\/procuradoria\/wp-json\/wp\/v2\/pages\/464\/revisions"}],"predecessor-version":[{"id":575,"href":"https:\/\/camaranovaolinda.ce.gov.br\/procuradoria\/wp-json\/wp\/v2\/pages\/464\/revisions\/575"}],"wp:attachment":[{"href":"https:\/\/camaranovaolinda.ce.gov.br\/procuradoria\/wp-json\/wp\/v2\/media?parent=464"}],"curies":[{"name":"wp","href":"https:\/\/api.w.org\/{rel}","templated":true}]}}