{"id":15,"date":"2025-05-05T21:16:15","date_gmt":"2025-05-05T21:16:15","guid":{"rendered":"https:\/\/camaranovaolinda.ce.gov.br\/procuradoria\/?page_id=15"},"modified":"2025-05-07T22:20:10","modified_gmt":"2025-05-07T22:20:10","slug":"noticias","status":"publish","type":"page","link":"https:\/\/camaranovaolinda.ce.gov.br\/procuradoria\/noticias\/","title":{"rendered":"Not\u00edcias"},"content":{"rendered":"\t\t<div data-elementor-type=\"wp-page\" data-elementor-id=\"15\" class=\"elementor elementor-15\" data-elementor-post-type=\"page\">\n\t\t\t\t<div class=\"elementor-element elementor-element-fa56bc3 e-flex e-con-boxed e-con e-parent\" data-id=\"fa56bc3\" data-element_type=\"container\" data-e-type=\"container\" data-settings=\"{&quot;background_background&quot;:&quot;classic&quot;}\">\n\t\t\t\t\t<div class=\"e-con-inner\">\n\t\t\t\t<div class=\"elementor-element elementor-element-cbfd8b4 elementor-widget elementor-widget-heading\" data-id=\"cbfd8b4\" data-element_type=\"widget\" data-e-type=\"widget\" data-widget_type=\"heading.default\">\n\t\t\t\t<div class=\"elementor-widget-container\">\n\t\t\t\t\t<h2 class=\"elementor-heading-title elementor-size-default\">NOT\u00cdCIAS<\/h2>\t\t\t\t<\/div>\n\t\t\t\t<\/div>\n\t\t\t\t\t<\/div>\n\t\t\t\t<\/div>\n\t\t<div class=\"elementor-element elementor-element-776698f e-flex e-con-boxed e-con e-parent\" data-id=\"776698f\" data-element_type=\"container\" data-e-type=\"container\">\n\t\t\t\t\t<div class=\"e-con-inner\">\n\t\t\t\t<div class=\"elementor-element elementor-element-d194a31 elementor-widget elementor-widget-spacer\" data-id=\"d194a31\" data-element_type=\"widget\" data-e-type=\"widget\" data-widget_type=\"spacer.default\">\n\t\t\t\t<div class=\"elementor-widget-container\">\n\t\t\t\t\t\t\t<div class=\"elementor-spacer\">\n\t\t\t<div class=\"elementor-spacer-inner\"><\/div>\n\t\t<\/div>\n\t\t\t\t\t\t<\/div>\n\t\t\t\t<\/div>\n\t\t<div class=\"elementor-element elementor-element-19308b8 e-con-full e-flex e-con e-child\" data-id=\"19308b8\" data-element_type=\"container\" data-e-type=\"container\">\n\t\t\t\t<div class=\"elementor-element elementor-element-ecc7ded elementor-grid-mobile-2 elementor-grid-3 elementor-grid-tablet-2 elementor-posts--thumbnail-top elementor-widget elementor-widget-posts\" data-id=\"ecc7ded\" data-element_type=\"widget\" data-e-type=\"widget\" data-settings=\"{&quot;classic_columns_mobile&quot;:&quot;2&quot;,&quot;classic_row_gap_mobile&quot;:{&quot;unit&quot;:&quot;px&quot;,&quot;size&quot;:3,&quot;sizes&quot;:[]},&quot;pagination_type&quot;:&quot;load_more_infinite_scroll&quot;,&quot;classic_columns&quot;:&quot;3&quot;,&quot;classic_columns_tablet&quot;:&quot;2&quot;,&quot;classic_row_gap&quot;:{&quot;unit&quot;:&quot;px&quot;,&quot;size&quot;:35,&quot;sizes&quot;:[]},&quot;classic_row_gap_tablet&quot;:{&quot;unit&quot;:&quot;px&quot;,&quot;size&quot;:&quot;&quot;,&quot;sizes&quot;:[]},&quot;load_more_spinner&quot;:{&quot;value&quot;:&quot;fas fa-spinner&quot;,&quot;library&quot;:&quot;fa-solid&quot;}}\" data-widget_type=\"posts.classic\">\n\t\t\t\t<div class=\"elementor-widget-container\">\n\t\t\t\t\t\t\t<div class=\"elementor-posts-container elementor-posts elementor-posts--skin-classic elementor-grid\">\n\t\t\t\t<article class=\"elementor-post elementor-grid-item post-581 post type-post status-publish format-standard has-post-thumbnail hentry category-uncategorized\">\n\t\t\t\t<a class=\"elementor-post__thumbnail__link\" href=\"https:\/\/camaranovaolinda.ce.gov.br\/procuradoria\/2025\/10\/16\/outubro-rosa-conscientizacao-e-cuidado-com-a-saude-da-mulher\/\" tabindex=\"-1\" >\n\t\t\t<div class=\"elementor-post__thumbnail\"><img fetchpriority=\"high\" decoding=\"async\" width=\"300\" height=\"185\" src=\"https:\/\/camaranovaolinda.ce.gov.br\/procuradoria\/wp-content\/uploads\/2025\/10\/Outubro-rosa-300x185.jpg\" class=\"attachment-medium size-medium wp-image-582\" alt=\"\" srcset=\"https:\/\/camaranovaolinda.ce.gov.br\/procuradoria\/wp-content\/uploads\/2025\/10\/Outubro-rosa-300x185.jpg 300w, https:\/\/camaranovaolinda.ce.gov.br\/procuradoria\/wp-content\/uploads\/2025\/10\/Outubro-rosa.jpg 650w\" sizes=\"(max-width: 300px) 100vw, 300px\" \/><\/div>\n\t\t<\/a>\n\t\t\t\t<div class=\"elementor-post__text\">\n\t\t\t\t<h3 class=\"elementor-post__title\">\n\t\t\t<a href=\"https:\/\/camaranovaolinda.ce.gov.br\/procuradoria\/2025\/10\/16\/outubro-rosa-conscientizacao-e-cuidado-com-a-saude-da-mulher\/\" >\n\t\t\t\tOutubro Rosa: Conscientiza\u00e7\u00e3o e Cuidado com a Sa\u00fade da Mulher.\t\t\t<\/a>\n\t\t<\/h3>\n\t\t\t\t<div class=\"elementor-post__excerpt\">\n\t\t\t<p>O m\u00eas de outubro \u00e9 marcado pela campanha\u00a0Outubro Rosa, um movimento mundial dedicado \u00e0 conscientiza\u00e7\u00e3o sobre a import\u00e2ncia da\u00a0preven\u00e7\u00e3o e do diagn\u00f3stico precoce do c\u00e2ncer<\/p>\n\t\t<\/div>\n\t\t\n\t\t<a class=\"elementor-post__read-more\" href=\"https:\/\/camaranovaolinda.ce.gov.br\/procuradoria\/2025\/10\/16\/outubro-rosa-conscientizacao-e-cuidado-com-a-saude-da-mulher\/\" aria-label=\"Read more about Outubro Rosa: Conscientiza\u00e7\u00e3o e Cuidado com a Sa\u00fade da Mulher.\" tabindex=\"-1\" >\n\t\t\tLEIA MAIS \u00bb\t\t<\/a>\n\n\t\t\t\t<\/div>\n\t\t\t\t<\/article>\n\t\t\t\t<article class=\"elementor-post elementor-grid-item post-576 post type-post status-publish format-standard has-post-thumbnail hentry category-uncategorized\">\n\t\t\t\t<a class=\"elementor-post__thumbnail__link\" href=\"https:\/\/camaranovaolinda.ce.gov.br\/procuradoria\/2025\/08\/19\/o-que-e-gaslighting\/\" tabindex=\"-1\" >\n\t\t\t<div class=\"elementor-post__thumbnail\"><img decoding=\"async\" width=\"300\" height=\"185\" src=\"https:\/\/camaranovaolinda.ce.gov.br\/procuradoria\/wp-content\/uploads\/2025\/08\/Gaslighting-300x185.jpg\" class=\"attachment-medium size-medium wp-image-579\" alt=\"\" srcset=\"https:\/\/camaranovaolinda.ce.gov.br\/procuradoria\/wp-content\/uploads\/2025\/08\/Gaslighting-300x185.jpg 300w, https:\/\/camaranovaolinda.ce.gov.br\/procuradoria\/wp-content\/uploads\/2025\/08\/Gaslighting.jpg 650w\" sizes=\"(max-width: 300px) 100vw, 300px\" \/><\/div>\n\t\t<\/a>\n\t\t\t\t<div class=\"elementor-post__text\">\n\t\t\t\t<h3 class=\"elementor-post__title\">\n\t\t\t<a href=\"https:\/\/camaranovaolinda.ce.gov.br\/procuradoria\/2025\/08\/19\/o-que-e-gaslighting\/\" >\n\t\t\t\tO que \u00e9 Gaslighting?\t\t\t<\/a>\n\t\t<\/h3>\n\t\t\t\t<div class=\"elementor-post__excerpt\">\n\t\t\t<p>Gaslighting \u00e9 uma forma de viol\u00eancia psicol\u00f3gica que acontece n\u00e3o apenas em relacionamentos amorosos, mas tamb\u00e9m em v\u00ednculos familiares, de amizade e at\u00e9 no trabalho.<\/p>\n\t\t<\/div>\n\t\t\n\t\t<a class=\"elementor-post__read-more\" href=\"https:\/\/camaranovaolinda.ce.gov.br\/procuradoria\/2025\/08\/19\/o-que-e-gaslighting\/\" aria-label=\"Read more about O que \u00e9 Gaslighting?\" tabindex=\"-1\" >\n\t\t\tLEIA MAIS \u00bb\t\t<\/a>\n\n\t\t\t\t<\/div>\n\t\t\t\t<\/article>\n\t\t\t\t<article class=\"elementor-post elementor-grid-item post-205 post type-post status-publish format-standard has-post-thumbnail hentry category-uncategorized\">\n\t\t\t\t<a class=\"elementor-post__thumbnail__link\" href=\"https:\/\/camaranovaolinda.ce.gov.br\/procuradoria\/2025\/05\/07\/10-leis-brasileiras-essenciais-na-protecao-dos-direitos-da-mulher\/\" tabindex=\"-1\" >\n\t\t\t<div class=\"elementor-post__thumbnail\"><img decoding=\"async\" width=\"300\" height=\"185\" src=\"https:\/\/camaranovaolinda.ce.gov.br\/procuradoria\/wp-content\/uploads\/2025\/05\/10-leis-300x185.jpg\" class=\"attachment-medium size-medium wp-image-206\" alt=\"\" srcset=\"https:\/\/camaranovaolinda.ce.gov.br\/procuradoria\/wp-content\/uploads\/2025\/05\/10-leis-300x185.jpg 300w, https:\/\/camaranovaolinda.ce.gov.br\/procuradoria\/wp-content\/uploads\/2025\/05\/10-leis.jpg 650w\" sizes=\"(max-width: 300px) 100vw, 300px\" \/><\/div>\n\t\t<\/a>\n\t\t\t\t<div class=\"elementor-post__text\">\n\t\t\t\t<h3 class=\"elementor-post__title\">\n\t\t\t<a href=\"https:\/\/camaranovaolinda.ce.gov.br\/procuradoria\/2025\/05\/07\/10-leis-brasileiras-essenciais-na-protecao-dos-direitos-da-mulher\/\" >\n\t\t\t\t10 Leis Brasileiras Essenciais na Prote\u00e7\u00e3o dos Direitos da Mulher\t\t\t<\/a>\n\t\t<\/h3>\n\t\t\t\t<div class=\"elementor-post__excerpt\">\n\t\t\t<p>10 Leis Brasileiras Essenciais na Prote\u00e7\u00e3o dos Direitos da Mulher O Brasil tem avan\u00e7ado na legisla\u00e7\u00e3o para proteger os direitos das mulheres e combater a<\/p>\n\t\t<\/div>\n\t\t\n\t\t<a class=\"elementor-post__read-more\" href=\"https:\/\/camaranovaolinda.ce.gov.br\/procuradoria\/2025\/05\/07\/10-leis-brasileiras-essenciais-na-protecao-dos-direitos-da-mulher\/\" aria-label=\"Read more about 10 Leis Brasileiras Essenciais na Prote\u00e7\u00e3o dos Direitos da Mulher\" tabindex=\"-1\" >\n\t\t\tLEIA MAIS \u00bb\t\t<\/a>\n\n\t\t\t\t<\/div>\n\t\t\t\t<\/article>\n\t\t\t\t<article class=\"elementor-post elementor-grid-item post-201 post type-post status-publish format-standard has-post-thumbnail hentry category-uncategorized\">\n\t\t\t\t<a class=\"elementor-post__thumbnail__link\" href=\"https:\/\/camaranovaolinda.ce.gov.br\/procuradoria\/2025\/05\/07\/feminicidio-a-lei-que-deu-nome-ao-odio-de-genero-e-urge-ser-plenamente-efetivada\/\" tabindex=\"-1\" >\n\t\t\t<div class=\"elementor-post__thumbnail\"><img loading=\"lazy\" decoding=\"async\" width=\"300\" height=\"185\" src=\"https:\/\/camaranovaolinda.ce.gov.br\/procuradoria\/wp-content\/uploads\/2025\/05\/feminicidio-300x185.jpg\" class=\"attachment-medium size-medium wp-image-202\" alt=\"\" srcset=\"https:\/\/camaranovaolinda.ce.gov.br\/procuradoria\/wp-content\/uploads\/2025\/05\/feminicidio-300x185.jpg 300w, https:\/\/camaranovaolinda.ce.gov.br\/procuradoria\/wp-content\/uploads\/2025\/05\/feminicidio.jpg 650w\" sizes=\"(max-width: 300px) 100vw, 300px\" \/><\/div>\n\t\t<\/a>\n\t\t\t\t<div class=\"elementor-post__text\">\n\t\t\t\t<h3 class=\"elementor-post__title\">\n\t\t\t<a href=\"https:\/\/camaranovaolinda.ce.gov.br\/procuradoria\/2025\/05\/07\/feminicidio-a-lei-que-deu-nome-ao-odio-de-genero-e-urge-ser-plenamente-efetivada\/\" >\n\t\t\t\tFeminic\u00eddio: A Lei que Deu Nome ao \u00d3dio de G\u00eanero e Urge ser Plenamente Efetivada\t\t\t<\/a>\n\t\t<\/h3>\n\t\t\t\t<div class=\"elementor-post__excerpt\">\n\t\t\t<p>Em um pa\u00eds marcado por estat\u00edsticas alarmantes de viol\u00eancia contra a mulher, a promulga\u00e7\u00e3o da Lei n\u00ba 13.104\/2015, conhecida como a Lei do Feminic\u00eddio, representou<\/p>\n\t\t<\/div>\n\t\t\n\t\t<a class=\"elementor-post__read-more\" href=\"https:\/\/camaranovaolinda.ce.gov.br\/procuradoria\/2025\/05\/07\/feminicidio-a-lei-que-deu-nome-ao-odio-de-genero-e-urge-ser-plenamente-efetivada\/\" aria-label=\"Read more about Feminic\u00eddio: A Lei que Deu Nome ao \u00d3dio de G\u00eanero e Urge ser Plenamente Efetivada\" tabindex=\"-1\" >\n\t\t\tLEIA MAIS \u00bb\t\t<\/a>\n\n\t\t\t\t<\/div>\n\t\t\t\t<\/article>\n\t\t\t\t<article class=\"elementor-post elementor-grid-item post-198 post type-post status-publish format-standard has-post-thumbnail hentry category-uncategorized\">\n\t\t\t\t<a class=\"elementor-post__thumbnail__link\" href=\"https:\/\/camaranovaolinda.ce.gov.br\/procuradoria\/2025\/05\/07\/a-lei-sinal-vermelho-contra-a-violencia-domestica-como-um-farol-de-esperanca\/\" tabindex=\"-1\" >\n\t\t\t<div class=\"elementor-post__thumbnail\"><img loading=\"lazy\" decoding=\"async\" width=\"300\" height=\"185\" src=\"https:\/\/camaranovaolinda.ce.gov.br\/procuradoria\/wp-content\/uploads\/2025\/05\/lei-x-vermelho-300x185.jpg\" class=\"attachment-medium size-medium wp-image-199\" alt=\"\" srcset=\"https:\/\/camaranovaolinda.ce.gov.br\/procuradoria\/wp-content\/uploads\/2025\/05\/lei-x-vermelho-300x185.jpg 300w, https:\/\/camaranovaolinda.ce.gov.br\/procuradoria\/wp-content\/uploads\/2025\/05\/lei-x-vermelho.jpg 650w\" sizes=\"(max-width: 300px) 100vw, 300px\" \/><\/div>\n\t\t<\/a>\n\t\t\t\t<div class=\"elementor-post__text\">\n\t\t\t\t<h3 class=\"elementor-post__title\">\n\t\t\t<a href=\"https:\/\/camaranovaolinda.ce.gov.br\/procuradoria\/2025\/05\/07\/a-lei-sinal-vermelho-contra-a-violencia-domestica-como-um-farol-de-esperanca\/\" >\n\t\t\t\tA Lei Sinal Vermelho Contra a Viol\u00eancia Dom\u00e9stica como um Farol de Esperan\u00e7a\t\t\t<\/a>\n\t\t<\/h3>\n\t\t\t\t<div class=\"elementor-post__excerpt\">\n\t\t\t<p>Em um pa\u00eds onde os alarmantes \u00edndices de viol\u00eancia dom\u00e9stica ecoam diariamente nos notici\u00e1rios e nas estat\u00edsticas, a Lei n\u00ba 14.188\/2021, carinhosamente conhecida como Lei<\/p>\n\t\t<\/div>\n\t\t\n\t\t<a class=\"elementor-post__read-more\" href=\"https:\/\/camaranovaolinda.ce.gov.br\/procuradoria\/2025\/05\/07\/a-lei-sinal-vermelho-contra-a-violencia-domestica-como-um-farol-de-esperanca\/\" aria-label=\"Read more about A Lei Sinal Vermelho Contra a Viol\u00eancia Dom\u00e9stica como um Farol de Esperan\u00e7a\" tabindex=\"-1\" >\n\t\t\tLEIA MAIS \u00bb\t\t<\/a>\n\n\t\t\t\t<\/div>\n\t\t\t\t<\/article>\n\t\t\t\t<article class=\"elementor-post elementor-grid-item post-195 post type-post status-publish format-standard has-post-thumbnail hentry category-uncategorized\">\n\t\t\t\t<a class=\"elementor-post__thumbnail__link\" href=\"https:\/\/camaranovaolinda.ce.gov.br\/procuradoria\/2025\/05\/07\/nao-e-nao-a-lei-que-protege-as-mulheres-em-bares-e-casas-noturnas-e-sinaliza-uma-nova-era-de-respeito\/\" tabindex=\"-1\" >\n\t\t\t<div class=\"elementor-post__thumbnail\"><img loading=\"lazy\" decoding=\"async\" width=\"300\" height=\"185\" src=\"https:\/\/camaranovaolinda.ce.gov.br\/procuradoria\/wp-content\/uploads\/2025\/05\/nao-e-nao-300x185.jpg\" class=\"attachment-medium size-medium wp-image-196\" alt=\"\" srcset=\"https:\/\/camaranovaolinda.ce.gov.br\/procuradoria\/wp-content\/uploads\/2025\/05\/nao-e-nao-300x185.jpg 300w, https:\/\/camaranovaolinda.ce.gov.br\/procuradoria\/wp-content\/uploads\/2025\/05\/nao-e-nao.jpg 650w\" sizes=\"(max-width: 300px) 100vw, 300px\" \/><\/div>\n\t\t<\/a>\n\t\t\t\t<div class=\"elementor-post__text\">\n\t\t\t\t<h3 class=\"elementor-post__title\">\n\t\t\t<a href=\"https:\/\/camaranovaolinda.ce.gov.br\/procuradoria\/2025\/05\/07\/nao-e-nao-a-lei-que-protege-as-mulheres-em-bares-e-casas-noturnas-e-sinaliza-uma-nova-era-de-respeito\/\" >\n\t\t\t\t&#8220;N\u00e3o \u00e9 N\u00e3o&#8221;: A Lei que Protege as Mulheres em Bares e Casas Noturnas e Sinaliza uma Nova Era de Respeito\t\t\t<\/a>\n\t\t<\/h3>\n\t\t\t\t<div class=\"elementor-post__excerpt\">\n\t\t\t<p>Em um cen\u00e1rio social onde a viol\u00eancia de g\u00eanero, infelizmente, ainda ecoa em diversos espa\u00e7os, a promulga\u00e7\u00e3o da Lei n\u00ba 14.786\/2023, carinhosamente apelidada de Lei<\/p>\n\t\t<\/div>\n\t\t\n\t\t<a class=\"elementor-post__read-more\" href=\"https:\/\/camaranovaolinda.ce.gov.br\/procuradoria\/2025\/05\/07\/nao-e-nao-a-lei-que-protege-as-mulheres-em-bares-e-casas-noturnas-e-sinaliza-uma-nova-era-de-respeito\/\" aria-label=\"Read more about &#8220;N\u00e3o \u00e9 N\u00e3o&#8221;: A Lei que Protege as Mulheres em Bares e Casas Noturnas e Sinaliza uma Nova Era de Respeito\" tabindex=\"-1\" >\n\t\t\tLEIA MAIS \u00bb\t\t<\/a>\n\n\t\t\t\t<\/div>\n\t\t\t\t<\/article>\n\t\t\t\t<\/div>\n\t\t\t\t\t<span class=\"e-load-more-spinner\">\n\t\t\t\t<svg aria-hidden=\"true\" class=\"e-font-icon-svg e-fas-spinner\" viewBox=\"0 0 512 512\" xmlns=\"http:\/\/www.w3.org\/2000\/svg\"><path d=\"M304 48c0 26.51-21.49 48-48 48s-48-21.49-48-48 21.49-48 48-48 48 21.49 48 48zm-48 368c-26.51 0-48 21.49-48 48s21.49 48 48 48 48-21.49 48-48-21.49-48-48-48zm208-208c-26.51 0-48 21.49-48 48s21.49 48 48 48 48-21.49 48-48-21.49-48-48-48zM96 256c0-26.51-21.49-48-48-48S0 229.49 0 256s21.49 48 48 48 48-21.49 48-48zm12.922 99.078c-26.51 0-48 21.49-48 48s21.49 48 48 48 48-21.49 48-48c0-26.509-21.491-48-48-48zm294.156 0c-26.51 0-48 21.49-48 48s21.49 48 48 48 48-21.49 48-48c0-26.509-21.49-48-48-48zM108.922 60.922c-26.51 0-48 21.49-48 48s21.49 48 48 48 48-21.49 48-48-21.491-48-48-48z\"><\/path><\/svg>\t\t\t<\/span>\n\t\t\n\t\t\t\t<div class=\"e-load-more-anchor\" data-page=\"1\" data-max-page=\"2\" data-next-page=\"https:\/\/camaranovaolinda.ce.gov.br\/procuradoria\/wp-json\/wp\/v2\/pages\/15\/page\/2\/\"><\/div>\n\t\t\t\t<div class=\"e-load-more-message\"><\/div>\n\t\t\t\t\t\t<\/div>\n\t\t\t\t<\/div>\n\t\t\t\t<div class=\"elementor-element elementor-element-935dfb6 elementor-widget elementor-widget-spacer\" data-id=\"935dfb6\" data-element_type=\"widget\" data-e-type=\"widget\" data-widget_type=\"spacer.default\">\n\t\t\t\t<div class=\"elementor-widget-container\">\n\t\t\t\t\t\t\t<div class=\"elementor-spacer\">\n\t\t\t<div class=\"elementor-spacer-inner\"><\/div>\n\t\t<\/div>\n\t\t\t\t\t\t<\/div>\n\t\t\t\t<\/div>\n\t\t\t\t<\/div>\n\t\t\t\t\t<\/div>\n\t\t\t\t<\/div>\n\t\t\t\t<\/div>\n\t\t","protected":false},"excerpt":{"rendered":"<p>NOT\u00cdCIAS<\/p>\n","protected":false},"author":1,"featured_media":0,"parent":0,"menu_order":0,"comment_status":"closed","ping_status":"closed","template":"elementor_header_footer","meta":{"footnotes":""},"class_list":["post-15","page","type-page","status-publish","hentry"],"_links":{"self":[{"href":"https:\/\/camaranovaolinda.ce.gov.br\/procuradoria\/wp-json\/wp\/v2\/pages\/15","targetHints":{"allow":["GET"]}}],"collection":[{"href":"https:\/\/camaranovaolinda.ce.gov.br\/procuradoria\/wp-json\/wp\/v2\/pages"}],"about":[{"href":"https:\/\/camaranovaolinda.ce.gov.br\/procuradoria\/wp-json\/wp\/v2\/types\/page"}],"author":[{"embeddable":true,"href":"https:\/\/camaranovaolinda.ce.gov.br\/procuradoria\/wp-json\/wp\/v2\/users\/1"}],"replies":[{"embeddable":true,"href":"https:\/\/camaranovaolinda.ce.gov.br\/procuradoria\/wp-json\/wp\/v2\/comments?post=15"}],"version-history":[{"count":25,"href":"https:\/\/camaranovaolinda.ce.gov.br\/procuradoria\/wp-json\/wp\/v2\/pages\/15\/revisions"}],"predecessor-version":[{"id":463,"href":"https:\/\/camaranovaolinda.ce.gov.br\/procuradoria\/wp-json\/wp\/v2\/pages\/15\/revisions\/463"}],"wp:attachment":[{"href":"https:\/\/camaranovaolinda.ce.gov.br\/procuradoria\/wp-json\/wp\/v2\/media?parent=15"}],"curies":[{"name":"wp","href":"https:\/\/api.w.org\/{rel}","templated":true}]}}